{"id":1982,"date":"2019-02-12T11:01:20","date_gmt":"2019-02-12T09:01:20","guid":{"rendered":"http:\/\/sport.ato.ee\/?page_id=1982"},"modified":"2019-02-21T10:11:33","modified_gmt":"2019-02-21T08:11:33","slug":"ato-sk-karikavoistlused-2019","status":"publish","type":"page","link":"https:\/\/sport.ato.ee\/?page_id=1982","title":{"rendered":"ATO SK Karikav\u00f5istlused 2019"},"content":{"rendered":"\n<figure class=\"wp-block-image\"><img decoding=\"async\" loading=\"lazy\" width=\"1726\" height=\"995\" src=\"http:\/\/sport.ato.ee\/wp-content\/uploads\/2019\/02\/IMG_2035web.jpg\" alt=\"\" class=\"wp-image-2000\" srcset=\"https:\/\/sport.ato.ee\/wp-content\/uploads\/2019\/02\/IMG_2035web.jpg 1726w, https:\/\/sport.ato.ee\/wp-content\/uploads\/2019\/02\/IMG_2035web-300x173.jpg 300w, https:\/\/sport.ato.ee\/wp-content\/uploads\/2019\/02\/IMG_2035web-768x443.jpg 768w, https:\/\/sport.ato.ee\/wp-content\/uploads\/2019\/02\/IMG_2035web-128x74.jpg 128w, https:\/\/sport.ato.ee\/wp-content\/uploads\/2019\/02\/IMG_2035web-32x18.jpg 32w\" sizes=\"(max-width: 1726px) 100vw, 1726px\" \/><figcaption>ATO Spordiklubi Karikav\u00f5istlused 2019 parimad t\u00fcdrukud<\/figcaption><\/figure>\n\n\n\n<p>16. ja 17. veebruaril toimus Kuimetsa Spordihoones ATO Spordiklubi Karikav\u00f5istlus v\u00f5rkpallis. Kokku osales v\u00f5istlustel 47 t\u00fcdrukut ja 25 poissi.  <br>Ehkki m\u00e4ngiti paarides &#8211; igas m\u00e4ngus erinev paariline &#8211; oli arvestus individuaalne.<br><\/p>\n\n\n\n<p>V\u00f5ib vist \u00f6elda, et laup\u00e4evasel t\u00fcdrukute v\u00f5istlusel olid kohal pea k\u00f5ik Eesti parimad 2004, 2005 ja 2006 s\u00fcndinud t\u00fcdrukud. M\u00e4ngud olid p\u00f5nevad ja pingutama pidi k\u00f5vasti. Seda enam, et m\u00e4ngiti 2004-2005 t\u00fcdrukute koondise peatreeneri Anatoli Kuprijanovit\u0161i pilgu all. Peatreeneri s\u00f5nad enne autasustamist olid: &#8220;Eelmisel aastal samal turniiril m\u00e4ngiti veel lastev\u00f5rkpalli. Peamiselt s\u00f6\u00f6tmine ja m\u00f5ned l\u00f6\u00f6gid. T\u00e4na oli pilt hoopis teine. M\u00e4ng n\u00e4gi palju rohkem v\u00e4lja &#8220;suure&#8221; v\u00f5rkpalli moodi &#8211; l\u00f6\u00f6gid, hanid, kaitsem\u00e4ng &#8211; klubide treenerid on teinud tublit t\u00f6\u00f6d.&#8221;<\/p>\n\n\n\n<figure class=\"wp-block-image\"><img decoding=\"async\" loading=\"lazy\" width=\"1947\" height=\"853\" src=\"http:\/\/sport.ato.ee\/wp-content\/uploads\/2019\/02\/IMG_2051web.jpg\" alt=\"\" class=\"wp-image-2011\" srcset=\"https:\/\/sport.ato.ee\/wp-content\/uploads\/2019\/02\/IMG_2051web.jpg 1947w, https:\/\/sport.ato.ee\/wp-content\/uploads\/2019\/02\/IMG_2051web-300x131.jpg 300w, https:\/\/sport.ato.ee\/wp-content\/uploads\/2019\/02\/IMG_2051web-768x336.jpg 768w, https:\/\/sport.ato.ee\/wp-content\/uploads\/2019\/02\/IMG_2051web-128x56.jpg 128w, https:\/\/sport.ato.ee\/wp-content\/uploads\/2019\/02\/IMG_2051web-32x14.jpg 32w\" sizes=\"(max-width: 1947px) 100vw, 1947px\" \/><\/figure>\n\n\n\n<p>Korraldajana tunnen k\u00f5ige rohkem head meelt selle \u00fcle, et t\u00fcdrukute turniiri tase oli \u00fclihea. Puudusid ainult m\u00f5ned \u00fcksikud m\u00e4ngijad ja needki m\u00f5juva p\u00f5hjusega. Poiste turniiril on selles osas veel k\u00f5vasti arenguruumi,  kuigi ka poisid m\u00e4ngisid tublisti.<\/p>\n\n\n\n<figure class=\"wp-block-image\"><img decoding=\"async\" loading=\"lazy\" width=\"1212\" height=\"737\" src=\"http:\/\/sport.ato.ee\/wp-content\/uploads\/2019\/02\/IMG_2031web.jpg\" alt=\"\" class=\"wp-image-2003\" srcset=\"https:\/\/sport.ato.ee\/wp-content\/uploads\/2019\/02\/IMG_2031web.jpg 1212w, https:\/\/sport.ato.ee\/wp-content\/uploads\/2019\/02\/IMG_2031web-300x182.jpg 300w, https:\/\/sport.ato.ee\/wp-content\/uploads\/2019\/02\/IMG_2031web-768x467.jpg 768w, https:\/\/sport.ato.ee\/wp-content\/uploads\/2019\/02\/IMG_2031web-128x78.jpg 128w, https:\/\/sport.ato.ee\/wp-content\/uploads\/2019\/02\/IMG_2031web-32x19.jpg 32w\" sizes=\"(max-width: 1212px) 100vw, 1212px\" \/><figcaption>T\u00fcdrukute kolm parimat: Elina Lebedeva, Anastasija Makunina, Lisette Loos<\/figcaption><\/figure>\n\n\n\n<p>2019. aasta Karikav\u00f5istluse parimad t\u00fcdrukud: Anastasija Makunina  (Palusalu Spordiklubi\/Tallinna Spordikool), Lisette Loos  (Keila V\u00f5rkpallikool), Elina Lebedeva (MT\u00dc Tallinna V\u00f5rkpalliklubi\/Selver).<br><\/p>\n\n\n\n<figure class=\"wp-block-image\"><img decoding=\"async\" loading=\"lazy\" width=\"1109\" height=\"834\" src=\"http:\/\/sport.ato.ee\/wp-content\/uploads\/2019\/02\/IMG_2048web.jpg\" alt=\"\" class=\"wp-image-2009\" srcset=\"https:\/\/sport.ato.ee\/wp-content\/uploads\/2019\/02\/IMG_2048web.jpg 1109w, https:\/\/sport.ato.ee\/wp-content\/uploads\/2019\/02\/IMG_2048web-300x226.jpg 300w, https:\/\/sport.ato.ee\/wp-content\/uploads\/2019\/02\/IMG_2048web-768x578.jpg 768w, https:\/\/sport.ato.ee\/wp-content\/uploads\/2019\/02\/IMG_2048web-128x96.jpg 128w, https:\/\/sport.ato.ee\/wp-content\/uploads\/2019\/02\/IMG_2048web-32x24.jpg 32w\" sizes=\"(max-width: 1109px) 100vw, 1109px\" \/><figcaption> <br>Poiste kolm parimat: Joosep P\u00f5ldma, Egert Roodi, Oliver Siilbek<\/figcaption><\/figure>\n\n\n\n<p>Kolm parimat poissi: Egert Roodi (Neemeco GerardosToys\/Kohila vald), Oliver Siilbek (P\u00f5ltsamaa Spordikoll), Joosep P\u00f5ldmaa (SK Tats).<\/p>\n\n\n\n<p>T\u00fcdrukute <a rel=\"noreferrer noopener\" aria-label=\"paremusj\u00e4rjestus (opens in a new tab)\" href=\"http:\/\/sport.ato.ee\/wp-content\/uploads\/2019\/02\/2019_Protokoll_T.pdf\" target=\"_blank\">paremusj\u00e4rjestus<\/a> PDF failina.<br>Poiste <a href=\"http:\/\/sport.ato.ee\/wp-content\/uploads\/2019\/02\/2019_Protokoll_P.pdf\" target=\"_blank\" rel=\"noreferrer noopener\" aria-label=\" (opens in a new tab)\">paremusj\u00e4rjestus<\/a> PDF failina.<\/p>\n\n\n\n<p>T\u00e4nan klubide treenereid, kes v\u00f5tsid vaevaks \u00fchel v\u00e4hestest vabadest n\u00e4dalavahetustest v\u00f5tta kaasa oma klubi parimad ja \u00fcles otsida Kuimetsa Spordihoone (nii m\u00f5negi jaoks oli see paras seiklus). T\u00e4nan ka k\u00f5iki m\u00e4ngijaid ja nende vanemaid, koondise peatreenerit Anatolit ning SK Tatsi treenerit Karinit, kes aitas paika panna t\u00fcdrukute turniiri formaadi. Samuti Palusalu Spordiklubi, SK Tatsi ja ATO Spordiklubi noori, kes olid abiks kohtunikena. T\u00e4nan ja kiidan oma t\u00fctart Ragnet, kes tegi v\u00f5istluste sekret\u00e4rina v\u00e4ga tublit t\u00f6\u00f6d. <\/p>\n\n\n\n<p>V\u00f5istluste l\u00e4biviimist toetasid Rapla vald ja ATO Project O\u00dc.<\/p>\n\n\n\n<p>Kohtumiseni j\u00e4rgmistel v\u00f5istlustel!<br><br>Tarmo Rahuoja<br>ATO Spordiklubi<br><\/p>\n\n\n\n<p><br><\/p>\n","protected":false},"excerpt":{"rendered":"<p>ATO Spordiklubi Karikav\u00f5istlused 2019 parimad t\u00fcdrukud 16. ja 17. veebruaril toimus Kuimetsa Spordihoones ATO Spordiklubi Karikav\u00f5istlus v\u00f5rkpallis. Kokku osales v\u00f5istlustel 47 t\u00fcdrukut ja 25 poissi. Ehkki m\u00e4ngiti paarides &#8211; igas m\u00e4ngus erinev paariline &#8211; oli arvestus individuaalne. V\u00f5ib vist \u00f6elda, et laup\u00e4evasel t\u00fcdrukute v\u00f5istlusel olid kohal pea k\u00f5ik Eesti parimad&#8230;<\/p>\n","protected":false},"author":1,"featured_media":0,"parent":0,"menu_order":0,"comment_status":"closed","ping_status":"closed","template":"","meta":[],"_links":{"self":[{"href":"https:\/\/sport.ato.ee\/index.php?rest_route=\/wp\/v2\/pages\/1982"}],"collection":[{"href":"https:\/\/sport.ato.ee\/index.php?rest_route=\/wp\/v2\/pages"}],"about":[{"href":"https:\/\/sport.ato.ee\/index.php?rest_route=\/wp\/v2\/types\/page"}],"author":[{"embeddable":true,"href":"https:\/\/sport.ato.ee\/index.php?rest_route=\/wp\/v2\/users\/1"}],"replies":[{"embeddable":true,"href":"https:\/\/sport.ato.ee\/index.php?rest_route=%2Fwp%2Fv2%2Fcomments&post=1982"}],"version-history":[{"count":16,"href":"https:\/\/sport.ato.ee\/index.php?rest_route=\/wp\/v2\/pages\/1982\/revisions"}],"predecessor-version":[{"id":2014,"href":"https:\/\/sport.ato.ee\/index.php?rest_route=\/wp\/v2\/pages\/1982\/revisions\/2014"}],"wp:attachment":[{"href":"https:\/\/sport.ato.ee\/index.php?rest_route=%2Fwp%2Fv2%2Fmedia&parent=1982"}],"curies":[{"name":"wp","href":"https:\/\/api.w.org\/{rel}","templated":true}]}}