{"id":1823,"date":"2015-10-06T10:39:48","date_gmt":"2015-10-06T07:39:48","guid":{"rendered":"http:\/\/sport.ato.ee\/?page_id=1823"},"modified":"2017-10-02T12:20:06","modified_gmt":"2017-10-02T09:20:06","slug":"treeningule-registreerimine","status":"publish","type":"page","link":"https:\/\/sport.ato.ee\/?page_id=1823","title":{"rendered":"Treeningule registreerimine"},"content":{"rendered":"<p>Sellel lehel asuv vorm on m\u00f5eldud laste ja noorte treeningule registreerimiseks. Kogu info on klubisiseseks kasutamiseks ja ei kuulu kolmandatele isikutele avaldamiseks. T\u00e4ringa m\u00e4rgitud v\u00e4ljad on kohustuslikud. Peale vormi t\u00e4itmis saadab ATO Spordiklubi lapsevanema\/hooldaja e-posti aadressile info treeningaegade&nbsp;ja toimumiskohtade ning treeningute maksumuse ja tasumise korra kohta. Tulevikus info v\u00f5istluste, varustuse jmt kohta.<\/p>\n<div id=\"vfb-form-4\" class=\"visual-form-builder-container\"><form id=\"treeningule-registreerimine-4\" class=\"visual-form-builder vfb-form-4 \" method=\"post\" enctype=\"multipart\/form-data\">\n\t  \t<input type=\"hidden\" name=\"form_id\" value=\"4\" \/><fieldset class=\"vfb-fieldset vfb-fieldset-1 treeningule-registreerimine \" id=\"item-vfb-57\"><div class=\"vfb-legend\"><h3>Treeningule registreerimine<\/h3><\/div><ul class=\"vfb-section vfb-section-1\"><div id=\"item-vfb-61\" class=\"vfb-section-div \"><h4>Treenija<\/h4><\/div><div class=\"vfb-clear\"><\/div><li class=\"vfb-item vfb-item-text  \" id=\"item-vfb-62\"><label for=\"vfb-62\" class=\"vfb-desc\">Eesnimi  <span class=\"vfb-required-asterisk\">*<\/span><\/label><input type=\"text\" name=\"vfb-62\" id=\"vfb-62\" value=\"\" class=\"vfb-text  vfb-medium  required  \" \/><\/li><li class=\"vfb-item vfb-item-text  \" id=\"item-vfb-63\"><label for=\"vfb-63\" class=\"vfb-desc\">Perekonnanimi  <span class=\"vfb-required-asterisk\">*<\/span><\/label><input type=\"text\" name=\"vfb-63\" id=\"vfb-63\" value=\"\" class=\"vfb-text  vfb-medium  required  \" \/><\/li><li class=\"vfb-item vfb-item-text  \" id=\"item-vfb-64\"><label for=\"vfb-64\" class=\"vfb-desc\">Isikukood  <span class=\"vfb-required-asterisk\">*<\/span><\/label><input type=\"text\" name=\"vfb-64\" id=\"vfb-64\" value=\"\" class=\"vfb-text  vfb-medium  required  \" \/><\/li><li class=\"vfb-item vfb-item-text  \" id=\"item-vfb-65\"><label for=\"vfb-65\" class=\"vfb-desc\">Elukoha vald (sissekirjutuse j\u00e4rgi)  <span class=\"vfb-required-asterisk\">*<\/span><\/label><input type=\"text\" name=\"vfb-65\" id=\"vfb-65\" value=\"\" class=\"vfb-text  vfb-medium  required  \" \/><\/li><li class=\"vfb-item vfb-item-text  \" id=\"item-vfb-66\"><label for=\"vfb-66\" class=\"vfb-desc\">Kool  <span class=\"vfb-required-asterisk\">*<\/span><\/label><input type=\"text\" name=\"vfb-66\" id=\"vfb-66\" value=\"\" class=\"vfb-text  vfb-medium  required  \" \/><\/li><li class=\"vfb-item vfb-item-text  \" id=\"item-vfb-67\"><label for=\"vfb-67\" class=\"vfb-desc\">Klass  <span class=\"vfb-required-asterisk\">*<\/span><\/label><input type=\"text\" name=\"vfb-67\" id=\"vfb-67\" value=\"\" class=\"vfb-text  vfb-medium  required  \" \/><\/li><li class=\"vfb-item vfb-item-text  \" id=\"item-vfb-68\"><label for=\"vfb-68\" class=\"vfb-desc\">Telefon <\/label><span class=\"vfb-span\"><input type=\"text\" name=\"vfb-68\" id=\"vfb-68\" value=\"\" class=\"vfb-text  vfb-medium   \" \/><label>Lapse isiklik kui on<\/label><\/span><\/li><div id=\"item-vfb-69\" class=\"vfb-section-div \"><h4>Lapsevanem\/hooldaja<\/h4><\/div><div class=\"vfb-clear\"><\/div><li class=\"vfb-item vfb-item-text  \" id=\"item-vfb-70\"><label for=\"vfb-70\" class=\"vfb-desc\">Eesnimi  <span class=\"vfb-required-asterisk\">*<\/span><\/label><input type=\"text\" name=\"vfb-70\" id=\"vfb-70\" value=\"\" class=\"vfb-text  vfb-medium  required  \" \/><\/li><li class=\"vfb-item vfb-item-text  \" id=\"item-vfb-71\"><label for=\"vfb-71\" class=\"vfb-desc\">Perekonnanimi  <span class=\"vfb-required-asterisk\">*<\/span><\/label><input type=\"text\" name=\"vfb-71\" id=\"vfb-71\" value=\"\" class=\"vfb-text  vfb-medium  required  \" \/><\/li><li class=\"vfb-item vfb-item-text  \" id=\"item-vfb-72\"><label for=\"vfb-72\" class=\"vfb-desc\">Telefon  <span class=\"vfb-required-asterisk\">*<\/span><\/label><input type=\"text\" name=\"vfb-72\" id=\"vfb-72\" value=\"\" class=\"vfb-text  vfb-medium  required  \" \/><\/li><li class=\"vfb-item vfb-item-text  \" id=\"item-vfb-73\"><label for=\"vfb-73\" class=\"vfb-desc\">E-posti aadress  <span class=\"vfb-required-asterisk\">*<\/span><\/label><input type=\"text\" name=\"vfb-73\" id=\"vfb-73\" value=\"\" class=\"vfb-text  vfb-medium  required  \" \/><\/li><\/ul>&nbsp;<\/fieldset><fieldset class=\"vfb-fieldset vfb-fieldset-2 turvakontroll \" id=\"item-vfb-58\" style=\"display:block\"><div class=\"vfb-legend\"><h3>Turvakontroll<\/h3><\/div><ul class=\"vfb-section vfb-section-2\"><li class=\"vfb-item vfb-item-secret\"  style=\"display:block\"><label for=\"vfb-59\" class=\"vfb-desc\">Oktoobirikuu numbriga <span class=\"vfb-required-asterisk\">*<\/span><\/label><input type=\"hidden\" name=\"_vfb-secret\" value=\"vfb-59\" \/><input type=\"text\" name=\"vfb-59\" id=\"vfb-59\" value=\"\" class=\"vfb-text  vfb-medium  required {digits:true,maxlength:2,minlength:2} \" style=\"display:block\" \/><li style=\"display:none;\"><label>This box is for spam protection - &lt;strong&gt;please leave it blank&lt;\/strong&gt;:<\/label><div><input name=\"vfb-spam\" \/><\/div><\/li>\n\t\t\t<li class=\"vfb-item vfb-item-submit\" id=\"item-vfb-60\">\n\t\t\t\t<input type=\"submit\" name=\"vfb-submit\" id=\"vfb-60\" value=\"Saadan andmed\" class=\"vfb-submit \" \/>\n\t\t\t\t<\/li><\/ul>\n\t\t\t<\/fieldset><input type=\"hidden\" name=\"_wp_http_referer\" value=\"\/index.php?rest_route=%2Fwp%2Fv2%2Fpages%2F1823\" \/><\/form><\/div> <!-- .visual-form-builder-container -->\n","protected":false},"excerpt":{"rendered":"<p>Sellel lehel asuv vorm on m\u00f5eldud laste ja noorte treeningule registreerimiseks. Kogu info on klubisiseseks kasutamiseks ja ei kuulu kolmandatele isikutele avaldamiseks. T\u00e4ringa m\u00e4rgitud v\u00e4ljad on kohustuslikud. Peale vormi t\u00e4itmis saadab ATO Spordiklubi lapsevanema\/hooldaja e-posti aadressile info treeningaegade&nbsp;ja toimumiskohtade ning treeningute maksumuse ja tasumise korra kohta. Tulevikus info v\u00f5istluste, varustuse&#8230;<\/p>\n","protected":false},"author":1,"featured_media":0,"parent":0,"menu_order":0,"comment_status":"closed","ping_status":"closed","template":"","meta":[],"_links":{"self":[{"href":"https:\/\/sport.ato.ee\/index.php?rest_route=\/wp\/v2\/pages\/1823"}],"collection":[{"href":"https:\/\/sport.ato.ee\/index.php?rest_route=\/wp\/v2\/pages"}],"about":[{"href":"https:\/\/sport.ato.ee\/index.php?rest_route=\/wp\/v2\/types\/page"}],"author":[{"embeddable":true,"href":"https:\/\/sport.ato.ee\/index.php?rest_route=\/wp\/v2\/users\/1"}],"replies":[{"embeddable":true,"href":"https:\/\/sport.ato.ee\/index.php?rest_route=%2Fwp%2Fv2%2Fcomments&post=1823"}],"version-history":[{"count":2,"href":"https:\/\/sport.ato.ee\/index.php?rest_route=\/wp\/v2\/pages\/1823\/revisions"}],"predecessor-version":[{"id":1854,"href":"https:\/\/sport.ato.ee\/index.php?rest_route=\/wp\/v2\/pages\/1823\/revisions\/1854"}],"wp:attachment":[{"href":"https:\/\/sport.ato.ee\/index.php?rest_route=%2Fwp%2Fv2%2Fmedia&parent=1823"}],"curies":[{"name":"wp","href":"https:\/\/api.w.org\/{rel}","templated":true}]}}