{"id":1705,"date":"2014-09-25T09:25:10","date_gmt":"2014-09-25T06:25:10","guid":{"rendered":"http:\/\/sport.ato.ee\/?page_id=1705"},"modified":"2025-10-06T17:01:58","modified_gmt":"2025-10-06T14:01:58","slug":"treeningud","status":"publish","type":"page","link":"https:\/\/sport.ato.ee\/","title":{"rendered":"Treeningud 2025\/2026"},"content":{"rendered":"<p><strong>ATO Spordiklubi\/Saue V\u00f5rkpallikool treeninginfo hooajaks 2025\/2026<br \/><\/strong>(september 2025 seisuga)<\/p>\n<p><strong>Algajad (1.-4. klass)<\/strong><br \/>Teisip\u00e4ev <span style=\"color: #000000;\">15.00 <\/span>&#8211; 16.30 Rapla Sadolin Spordihoone<br \/>Neljap\u00e4ev <span style=\"color: #000000;\">15.00<\/span> &#8211; 16.30 Rapla Sadolin Spordihoone<\/p>\n<p><strong>Noorem v\u00f5istlusklass (U14 ja U16)<br \/><\/strong>Esmasp\u00e4ev 18.30 &#8211; 20.00 Rapla Sadolin Spordihoone<br \/>Teisip\u00e4ev 16.30 &#8211; 18.00 Rapla Sadolin Spordihoone<br \/>Kolmap\u00e4ev 17.15 &#8211; 18.45 Saue Kool<br \/>Neljap\u00e4ev 16.30 &#8211; 18.00 Rapla Sadolin Spordihoone<br \/>Reedel 16.30 &#8211; 18.00 Saue Kool<\/p>\n<p><strong>Vanem v\u00f5istlusklass (U18; U20)<\/strong><br \/>Esmasp\u00e4ev 18.30 &#8211; 20.00 Rapla Sadolin Spordihoone<br \/>Teisip\u00e4ev 16.00 &#8211; 18.00 Rapla Sadolin Spordihoone<br \/>Kolmap\u00e4ev 18.45 &#8211; 20.15 Saue Kool<br \/>Neljap\u00e4ev 16.00 &#8211; 18.00 Rapla Sadolin Spordihoone<br \/>Reede 18.00 &#8211; 19.30 Saue Kool<br \/>Laup\u00e4ev 18.00 &#8211; 19.30 Rapla Kesklinna Kool<\/p>\n<p>Treeningud on tasulised. <br \/>Rapla treeningtasude <a href=\"https:\/\/sport.ato.ee\/?page_id=1971\">info<\/a>.<\/p>\n\n\n<p><\/p>\n","protected":false},"excerpt":{"rendered":"<p>ATO Spordiklubi\/Saue V\u00f5rkpallikool treeninginfo hooajaks 2025\/2026(september 2025 seisuga) Algajad (1.-4. klass)Teisip\u00e4ev 15.00 &#8211; 16.30 Rapla Sadolin SpordihooneNeljap\u00e4ev 15.00 &#8211; 16.30 Rapla Sadolin Spordihoone Noorem v\u00f5istlusklass (U14 ja U16)Esmasp\u00e4ev 18.30 &#8211; 20.00 Rapla Sadolin SpordihooneTeisip\u00e4ev 16.30 &#8211; 18.00 Rapla Sadolin SpordihooneKolmap\u00e4ev 17.15 &#8211; 18.45 Saue KoolNeljap\u00e4ev 16.30 &#8211; 18.00 Rapla Sadolin&#8230;<\/p>\n","protected":false},"author":1,"featured_media":0,"parent":0,"menu_order":0,"comment_status":"closed","ping_status":"open","template":"","meta":[],"_links":{"self":[{"href":"https:\/\/sport.ato.ee\/index.php?rest_route=\/wp\/v2\/pages\/1705"}],"collection":[{"href":"https:\/\/sport.ato.ee\/index.php?rest_route=\/wp\/v2\/pages"}],"about":[{"href":"https:\/\/sport.ato.ee\/index.php?rest_route=\/wp\/v2\/types\/page"}],"author":[{"embeddable":true,"href":"https:\/\/sport.ato.ee\/index.php?rest_route=\/wp\/v2\/users\/1"}],"replies":[{"embeddable":true,"href":"https:\/\/sport.ato.ee\/index.php?rest_route=%2Fwp%2Fv2%2Fcomments&post=1705"}],"version-history":[{"count":49,"href":"https:\/\/sport.ato.ee\/index.php?rest_route=\/wp\/v2\/pages\/1705\/revisions"}],"predecessor-version":[{"id":2287,"href":"https:\/\/sport.ato.ee\/index.php?rest_route=\/wp\/v2\/pages\/1705\/revisions\/2287"}],"wp:attachment":[{"href":"https:\/\/sport.ato.ee\/index.php?rest_route=%2Fwp%2Fv2%2Fmedia&parent=1705"}],"curies":[{"name":"wp","href":"https:\/\/api.w.org\/{rel}","templated":true}]}}